{"id":4492,"date":"2018-04-17T06:40:34","date_gmt":"2018-04-17T04:40:34","guid":{"rendered":"https:\/\/mirandaempresas.com\/entrepreneurial-habitat\/accessibility-to-talent\/"},"modified":"2018-04-17T06:40:37","modified_gmt":"2018-04-17T04:40:37","slug":"accessibility-to-talent","status":"publish","type":"page","link":"https:\/\/mirandaempresas.com\/en\/entrepreneurial-habitat\/accessibility-to-talent\/","title":{"rendered":"ACCESSIBILITY TO TALENT"},"content":{"rendered":"<div class=\"fusion-fullwidth fullwidth-box fusion-builder-row-1 nonhundred-percent-fullwidth non-hundred-percent-height-scrolling\" style=\"--awb-background-position:left top;--awb-border-radius-top-left:0px;--awb-border-radius-top-right:0px;--awb-border-radius-bottom-right:0px;--awb-border-radius-bottom-left:0px;--awb-padding-top:75px;--awb-padding-bottom:45px;--awb-border-sizes-top:0px;--awb-border-sizes-bottom:0px;--awb-flex-wrap:wrap;\" ><div class=\"fusion-builder-row fusion-row\"><div class=\"fusion-layout-column fusion_builder_column fusion-builder-column-0 fusion_builder_column_2_5 2_5 fusion-two-fifth fusion-column-first\" style=\"--awb-bg-size:cover;width:37.6%; margin-right: 4%;\"><div class=\"fusion-column-wrapper fusion-flex-column-wrapper-legacy\"><div class=\"fusion-widget-area awb-widget-area-element fusion-widget-area-1 fusion-content-widget-area\" style=\"--awb-title-size:16px;--awb-title-color:#e34912;--awb-padding:0px 0px 0px 0px;\"><div id=\"text-10\" class=\"widget widget_text\">\t\t\t<div class=\"textwidget\"><div class=\"fusion-content-boxes content-boxes columns row fusion-columns-1 fusion-columns-total-11 fusion-content-boxes-1 content-boxes-icon-with-title content-left razones\" style=\"--awb-title-color:#e34912;--awb-iconcolor:#e34912;--awb-hover-accent-color:#e28e6f;--awb-circle-hover-accent-color:#e28e6f;--awb-item-margin-bottom:40px;\" data-animationOffset=\"top-into-view\">\r\n<div style=\"--awb-backgroundcolor:rgba(255,255,255,0);--awb-iconcolor:#e34912;\" class=\"fusion-column content-box-column content-box-column content-box-column-1 col-lg-12 col-md-12 col-sm-12 fusion-content-box-hover content-box-column-last-in-row\"><div class=\"col content-box-wrapper content-wrapper link-area-box link-type-text icon-hover-animation-pulsate\" data-link=\"\/en\/entrepreneurial-habitat\/access-to-industrial-land\/\" data-link-target=\"_self\" data-animationOffset=\"top-into-view\"><div class=\"heading heading-with-icon icon-left\"><a class=\"heading-link\" style=\"float:left;\" href=\"\/en\/entrepreneurial-habitat\/access-to-industrial-land\/\" target=\"_self\"><div class=\"icon\"><i style=\"border-color:#e34912;border-width:1px;background-color:#ffffff;box-sizing:content-box;height:42px;width:42px;line-height:42px;border-radius:50%;font-size:21px;\" aria-hidden=\"true\" class=\"fontawesome-icon fa fa-industry circle-yes\"><\/i><\/div><h2 class=\"content-box-heading fusion-responsive-typography-calculated\" style=\"--h2_typography-font-size:18px;--fontSize:18;line-height:1.21;\">PREFERENTIAL ACCESS TO INDUSTRIAL LAND<\/h2><\/a><\/div><\/div><\/div>\r\n<div style=\"--awb-backgroundcolor:rgba(255,255,255,0);--awb-iconcolor:#e34912;\" class=\"fusion-column content-box-column content-box-column content-box-column-2 col-lg-12 col-md-12 col-sm-12 fusion-content-box-hover content-box-column-last-in-row\"><div class=\"col content-box-wrapper content-wrapper link-area-box link-type-text icon-hover-animation-pulsate\" data-link=\"\/en\/entrepreneurial-habitat\/a-privileged-strategic-location\/\" data-link-target=\"_self\" data-animationOffset=\"top-into-view\"><div class=\"heading heading-with-icon icon-left\"><a class=\"heading-link\" style=\"float:left;\" href=\"\/en\/entrepreneurial-habitat\/a-privileged-strategic-location\/\" target=\"_self\"><div class=\"icon\"><i style=\"border-color:#e34912;border-width:1px;background-color:#ffffff;box-sizing:content-box;height:42px;width:42px;line-height:42px;border-radius:50%;font-size:21px;\" aria-hidden=\"true\" class=\"fontawesome-icon fa fa-map-o circle-yes\"><\/i><\/div><h2 class=\"content-box-heading fusion-responsive-typography-calculated\" style=\"--h2_typography-font-size:18px;--fontSize:18;line-height:1.21;\">A PRIVILEGED, STRATEGIC LOCATION<\/h2><\/a><\/div><\/div><\/div>\r\n<div style=\"--awb-backgroundcolor:rgba(255,255,255,0);--awb-iconcolor:#e34912;\" class=\"fusion-column content-box-column content-box-column content-box-column-3 col-lg-12 col-md-12 col-sm-12 fusion-content-box-hover content-box-column-last-in-row\"><div class=\"col content-box-wrapper content-wrapper link-area-box link-type-text icon-hover-animation-pulsate\" data-link=\"\/en\/entrepreneurial-habitat\/large-intermodal-logistics-centre\/\" data-link-target=\"_self\" data-animationOffset=\"top-into-view\"><div class=\"heading heading-with-icon icon-left\"><a class=\"heading-link\" style=\"float:left;\" href=\"\/en\/entrepreneurial-habitat\/large-intermodal-logistics-centre\/\" target=\"_self\"><div class=\"icon\"><i style=\"border-color:#e34912;border-width:1px;background-color:#ffffff;box-sizing:content-box;height:42px;width:42px;line-height:42px;border-radius:50%;font-size:21px;\" aria-hidden=\"true\" class=\"fontawesome-icon fa fa-subway circle-yes\"><\/i><\/div><h2 class=\"content-box-heading fusion-responsive-typography-calculated\" style=\"--h2_typography-font-size:18px;--fontSize:18;line-height:1.21;\">LARGE INTERMODAL LOGISTICS CENTRE<\/h2><\/a><\/div><\/div><\/div>\r\n<div style=\"--awb-backgroundcolor:rgba(255,255,255,0);--awb-iconcolor:#e34912;\" class=\"fusion-column content-box-column content-box-column content-box-column-4 col-lg-12 col-md-12 col-sm-12 fusion-content-box-hover content-box-column-last-in-row\"><div class=\"col content-box-wrapper content-wrapper link-area-box link-type-text icon-hover-animation-pulsate\" data-link=\"\/en\/entrepreneurial-habitat\/tax-exemption\/\" data-link-target=\"_self\" data-animationOffset=\"top-into-view\"><div class=\"heading heading-with-icon icon-left\"><a class=\"heading-link\" style=\"float:left;\" href=\"\/en\/entrepreneurial-habitat\/tax-exemption\/\" target=\"_self\"><div class=\"icon\"><i style=\"border-color:#e34912;border-width:1px;background-color:#ffffff;box-sizing:content-box;height:42px;width:42px;line-height:42px;border-radius:50%;font-size:21px;\" aria-hidden=\"true\" class=\"fontawesome-icon fa fa-bullseye circle-yes\"><\/i><\/div><h2 class=\"content-box-heading fusion-responsive-typography-calculated\" style=\"--h2_typography-font-size:18px;--fontSize:18;line-height:1.21;\">TAX EXEMPTION OR SUBSIDY AT LEGAL MAXIMUM<\/h2><\/a><\/div><\/div><\/div>\r\n<div style=\"--awb-backgroundcolor:rgba(255,255,255,0);--awb-iconcolor:#e34912;\" class=\"fusion-column content-box-column content-box-column content-box-column-5 col-lg-12 col-md-12 col-sm-12 fusion-content-box-hover content-box-column-last-in-row\"><div class=\"col content-box-wrapper content-wrapper link-area-box link-type-text icon-hover-animation-pulsate\" data-link=\"\/en\/entrepreneurial-habitat\/non-repayable-subsidies\/\" data-link-target=\"_self\" data-animationOffset=\"top-into-view\"><div class=\"heading heading-with-icon icon-left\"><a class=\"heading-link\" style=\"float:left;\" href=\"\/en\/entrepreneurial-habitat\/non-repayable-subsidies\/\" target=\"_self\"><div class=\"icon\"><i style=\"border-color:#e34912;border-width:1px;background-color:#ffffff;box-sizing:content-box;height:42px;width:42px;line-height:42px;border-radius:50%;font-size:21px;\" aria-hidden=\"true\" class=\"fontawesome-icon fa fa-bank circle-yes\"><\/i><\/div><h2 class=\"content-box-heading fusion-responsive-typography-calculated\" style=\"--h2_typography-font-size:18px;--fontSize:18;line-height:1.21;\">NON-REPAYABLE SUBSIDIES<\/h2><\/a><\/div><\/div><\/div>\r\n<div style=\"--awb-backgroundcolor:rgba(255,255,255,0);--awb-iconcolor:#e34912;\" class=\"fusion-column content-box-column content-box-column content-box-column-6 col-lg-12 col-md-12 col-sm-12 fusion-content-box-hover content-box-column-last-in-row\"><div class=\"col content-box-wrapper content-wrapper link-area-box link-type-text icon-hover-animation-pulsate\" data-link=\"\/en\/entrepreneurial-habitat\/tailor-made-financing\/\" data-link-target=\"_self\" data-animationOffset=\"top-into-view\"><div class=\"heading heading-with-icon icon-left\"><a class=\"heading-link\" style=\"float:left;\" href=\"\/en\/entrepreneurial-habitat\/tailor-made-financing\/\" target=\"_self\"><div class=\"icon\"><i style=\"border-color:#e34912;border-width:1px;background-color:#ffffff;box-sizing:content-box;height:42px;width:42px;line-height:42px;border-radius:50%;font-size:21px;\" aria-hidden=\"true\" class=\"fontawesome-icon fa fa-money circle-yes\"><\/i><\/div><h2 class=\"content-box-heading fusion-responsive-typography-calculated\" style=\"--h2_typography-font-size:18px;--fontSize:18;line-height:1.21;\">TAILOR-MADE FINANCING<\/h2><\/a><\/div><\/div><\/div>\r\n<div style=\"--awb-backgroundcolor:rgba(255,255,255,0);--awb-iconcolor:#e34912;\" class=\"fusion-column content-box-column content-box-column content-box-column-7 col-lg-12 col-md-12 col-sm-12 fusion-content-box-hover content-box-column-last-in-row\"><div class=\"col content-box-wrapper content-wrapper link-area-box link-type-text icon-hover-animation-pulsate\" data-link=\"\/en\/entrepreneurial-habitat\/accessibility-to-talent\/\" data-link-target=\"_self\" data-animationOffset=\"top-into-view\"><div class=\"heading heading-with-icon icon-left\"><a class=\"heading-link\" style=\"float:left;\" href=\"\/en\/entrepreneurial-habitat\/accessibility-to-talent\/\" target=\"_self\"><div class=\"icon\"><i style=\"border-color:#e34912;border-width:1px;background-color:#ffffff;box-sizing:content-box;height:42px;width:42px;line-height:42px;border-radius:50%;font-size:21px;\" aria-hidden=\"true\" class=\"fontawesome-icon fa fa-users circle-yes\"><\/i><\/div><h2 class=\"content-box-heading fusion-responsive-typography-calculated\" style=\"--h2_typography-font-size:18px;--fontSize:18;line-height:1.21;\">ACCESSIBILITY TO TALENT<\/h2><\/a><\/div><\/div><\/div>\r\n<div style=\"--awb-backgroundcolor:rgba(255,255,255,0);--awb-iconcolor:#e34912;\" class=\"fusion-column content-box-column content-box-column content-box-column-8 col-lg-12 col-md-12 col-sm-12 fusion-content-box-hover content-box-column-last-in-row\"><div class=\"col content-box-wrapper content-wrapper link-area-box link-type-text icon-hover-animation-pulsate\" data-link=\"\/en\/entrepreneurial-habitat\/technological-resources\/\" data-link-target=\"_self\" data-animationOffset=\"top-into-view\"><div class=\"heading heading-with-icon icon-left\"><a class=\"heading-link\" style=\"float:left;\" href=\"\/en\/entrepreneurial-habitat\/technological-resources\/\" target=\"_self\"><div class=\"icon\"><i style=\"border-color:#e34912;border-width:1px;background-color:#ffffff;box-sizing:content-box;height:42px;width:42px;line-height:42px;border-radius:50%;font-size:21px;\" aria-hidden=\"true\" class=\"fontawesome-icon fa fa-flask circle-yes\"><\/i><\/div><h2 class=\"content-box-heading fusion-responsive-typography-calculated\" style=\"--h2_typography-font-size:18px;--fontSize:18;line-height:1.21;\">TECHNOLOGICAL RESOURCES<\/h2><\/a><\/div><\/div><\/div>\r\n<div style=\"--awb-backgroundcolor:rgba(255,255,255,0);--awb-iconcolor:#e34912;\" class=\"fusion-column content-box-column content-box-column content-box-column-9 col-lg-12 col-md-12 col-sm-12 fusion-content-box-hover content-box-column-last-in-row\"><div class=\"col content-box-wrapper content-wrapper link-area-box link-type-text icon-hover-animation-pulsate\" data-link=\"\/en\/entrepreneurial-habitat\/consolidated-entrepreneurial-network\/\" data-link-target=\"_self\" data-animationOffset=\"top-into-view\"><div class=\"heading heading-with-icon icon-left\"><a class=\"heading-link\" style=\"float:left;\" href=\"\/en\/entrepreneurial-habitat\/consolidated-entrepreneurial-network\/\" target=\"_self\"><div class=\"icon\"><i style=\"border-color:#e34912;border-width:1px;background-color:#ffffff;box-sizing:content-box;height:42px;width:42px;line-height:42px;border-radius:50%;font-size:21px;\" aria-hidden=\"true\" class=\"fontawesome-icon fa fa-magnet circle-yes\"><\/i><\/div><h2 class=\"content-box-heading fusion-responsive-typography-calculated\" style=\"--h2_typography-font-size:18px;--fontSize:18;line-height:1.21;\">CONSOLIDATED ENTREPRENEURIAL NETWORK<\/h2><\/a><\/div><\/div><\/div>\r\n<div style=\"--awb-backgroundcolor:rgba(255,255,255,0);--awb-iconcolor:#e34912;\" class=\"fusion-column content-box-column content-box-column content-box-column-10 col-lg-12 col-md-12 col-sm-12 fusion-content-box-hover content-box-column-last-in-row\"><div class=\"col content-box-wrapper content-wrapper link-area-box link-type-text icon-hover-animation-pulsate\" data-link=\"\/en\/entrepreneurial-habitat\/speeding-up-procedures\/\" data-link-target=\"_self\" data-animationOffset=\"top-into-view\"><div class=\"heading heading-with-icon icon-left\"><a class=\"heading-link\" style=\"float:left;\" href=\"\/en\/entrepreneurial-habitat\/speeding-up-procedures\/\" target=\"_self\"><div class=\"icon\"><i style=\"border-color:#e34912;border-width:1px;background-color:#ffffff;box-sizing:content-box;height:42px;width:42px;line-height:42px;border-radius:50%;font-size:21px;\" aria-hidden=\"true\" class=\"fontawesome-icon fa fa-sitemap circle-yes\"><\/i><\/div><h2 class=\"content-box-heading fusion-responsive-typography-calculated\" style=\"--h2_typography-font-size:18px;--fontSize:18;line-height:1.21;\">SPEEDING UP PROCEDURES<\/h2><\/a><\/div><\/div><\/div>\r\n<div style=\"--awb-backgroundcolor:rgba(255,255,255,0);--awb-iconcolor:#e34912;\" class=\"fusion-column content-box-column content-box-column content-box-column-11 col-lg-12 col-md-12 col-sm-12 fusion-content-box-hover content-box-column-last content-box-column-last-in-row\"><div class=\"col content-box-wrapper content-wrapper link-area-box link-type-text icon-hover-animation-pulsate\" data-link=\"\/en\/entrepreneurial-habitat\/the-time-is-now-the-place-is-miranda\/\" data-link-target=\"_self\" data-animationOffset=\"top-into-view\"><div class=\"heading heading-with-icon icon-left\"><a class=\"heading-link\" style=\"float:left;\" href=\"\/en\/entrepreneurial-habitat\/the-time-is-now-the-place-is-miranda\/\" target=\"_self\"><div class=\"icon\"><i style=\"border-color:#e34912;border-width:1px;background-color:#ffffff;box-sizing:content-box;height:42px;width:42px;line-height:42px;border-radius:50%;font-size:21px;\" aria-hidden=\"true\" class=\"fontawesome-icon fa fa-forward circle-yes\"><\/i><\/div><h2 class=\"content-box-heading fusion-responsive-typography-calculated\" style=\"--h2_typography-font-size:18px;--fontSize:18;line-height:1.21;\">NOW<\/h2><\/a><\/div><\/div><\/div><div class=\"fusion-clearfix\"><\/div><\/div><\/div>\n\t\t<\/div><div class=\"fusion-additional-widget-content\"><\/div><\/div><div class=\"fusion-clearfix\"><\/div><\/div><\/div><div class=\"fusion-layout-column fusion_builder_column fusion-builder-column-1 fusion_builder_column_3_5 3_5 fusion-three-fifth fusion-column-last\" style=\"--awb-bg-size:cover;width:58.4%;\"><div class=\"fusion-column-wrapper fusion-flex-column-wrapper-legacy\"><div class=\"fusion-text fusion-text-1\"><h2 style=\"text-align: center; font-size: 26px;\">ACCESSIBILITY TO TALENT<\/h2>\n<p style=\"text-align: center; font-size: 22px; line-height: 30px;\">Rely on <strong>the best professionals<\/strong> and the qualification needed to grow<\/p>\n<\/div><div class=\"fusion-sep-clear\"><\/div><div class=\"fusion-separator fusion-full-width-sep\" style=\"margin-left: auto;margin-right: auto;margin-top:60px;width:100%;\"><\/div><div class=\"fusion-sep-clear\"><\/div><div class=\"fusion-text fusion-text-2\"><p>Miranda de Ebro offers companies a large pool of qualified professionals. A large human capital of manpower trained in a wide range of production areas, allowing companies considerable accessibility to professionals from highly trained fields who are committed to their environment.<\/p>\n<p>These young professionals have been trained at Professional Training Centres, with a wide catalogue of specialities in Intermediate and Advanced levels, such as the Instituto T\u00e9cnico Industrial, the Centro Integrado de Formaci\u00f3n Profesional R\u00edo Ebro, or the Instituto Fray Pedro de Urbina.<\/p>\n<p>These places are also entrepreneurial resources that make it possible to complement the ongoing training of workers since they offer courses adapted to the needs of each individual company.<\/p>\n<\/div><div class=\"fusion-clearfix\"><\/div><\/div><\/div><\/div><\/div>\n","protected":false},"excerpt":{"rendered":"","protected":false},"author":1,"featured_media":0,"parent":4038,"menu_order":13,"comment_status":"closed","ping_status":"closed","template":"","meta":{"footnotes":""},"class_list":["post-4492","page","type-page","status-publish","hentry"],"yoast_head":"<!-- This site is optimized with the Yoast SEO plugin v27.4 - https:\/\/yoast.com\/product\/yoast-seo-wordpress\/ -->\n<title>ACCESSIBILITY TO TALENT - Miranda Empresas<\/title>\n<meta name=\"robots\" content=\"index, follow, max-snippet:-1, max-image-preview:large, max-video-preview:-1\" \/>\n<link rel=\"canonical\" href=\"https:\/\/mirandaempresas.com\/en\/entrepreneurial-habitat\/accessibility-to-talent\/\" \/>\n<meta property=\"og:locale\" content=\"en_US\" \/>\n<meta property=\"og:type\" content=\"article\" \/>\n<meta property=\"og:title\" content=\"ACCESSIBILITY TO TALENT - Miranda Empresas\" \/>\n<meta property=\"og:url\" content=\"https:\/\/mirandaempresas.com\/en\/entrepreneurial-habitat\/accessibility-to-talent\/\" \/>\n<meta property=\"og:site_name\" content=\"Miranda Empresas\" \/>\n<meta property=\"article:publisher\" content=\"https:\/\/www.facebook.com\/mirandaempresas\/\" \/>\n<meta property=\"article:modified_time\" content=\"2018-04-17T04:40:37+00:00\" \/>\n<meta name=\"twitter:card\" content=\"summary_large_image\" \/>\n<meta name=\"twitter:site\" content=\"@mirandaempresas\" \/>\n<meta name=\"twitter:label1\" content=\"Est. reading time\" \/>\n\t<meta name=\"twitter:data1\" content=\"2 minutes\" \/>\n<script type=\"application\/ld+json\" class=\"yoast-schema-graph\">{\"@context\":\"https:\\\/\\\/schema.org\",\"@graph\":[{\"@type\":\"WebPage\",\"@id\":\"https:\\\/\\\/mirandaempresas.com\\\/en\\\/entrepreneurial-habitat\\\/accessibility-to-talent\\\/\",\"url\":\"https:\\\/\\\/mirandaempresas.com\\\/en\\\/entrepreneurial-habitat\\\/accessibility-to-talent\\\/\",\"name\":\"ACCESSIBILITY TO TALENT - Miranda Empresas\",\"isPartOf\":{\"@id\":\"https:\\\/\\\/mirandaempresas.com\\\/#website\"},\"datePublished\":\"2018-04-17T04:40:34+00:00\",\"dateModified\":\"2018-04-17T04:40:37+00:00\",\"breadcrumb\":{\"@id\":\"https:\\\/\\\/mirandaempresas.com\\\/en\\\/entrepreneurial-habitat\\\/accessibility-to-talent\\\/#breadcrumb\"},\"inLanguage\":\"en-US\",\"potentialAction\":[{\"@type\":\"ReadAction\",\"target\":[\"https:\\\/\\\/mirandaempresas.com\\\/en\\\/entrepreneurial-habitat\\\/accessibility-to-talent\\\/\"]}]},{\"@type\":\"BreadcrumbList\",\"@id\":\"https:\\\/\\\/mirandaempresas.com\\\/en\\\/entrepreneurial-habitat\\\/accessibility-to-talent\\\/#breadcrumb\",\"itemListElement\":[{\"@type\":\"ListItem\",\"position\":1,\"name\":\"Portada\",\"item\":\"https:\\\/\\\/mirandaempresas.com\\\/en\\\/\"},{\"@type\":\"ListItem\",\"position\":2,\"name\":\"Miranda Empresas\",\"item\":\"https:\\\/\\\/mirandaempresas.com\\\/en\\\/entrepreneurial-habitat\\\/\"},{\"@type\":\"ListItem\",\"position\":3,\"name\":\"ACCESSIBILITY TO TALENT\"}]},{\"@type\":\"WebSite\",\"@id\":\"https:\\\/\\\/mirandaempresas.com\\\/#website\",\"url\":\"https:\\\/\\\/mirandaempresas.com\\\/\",\"name\":\"Miranda Empresas\",\"description\":\"\",\"publisher\":{\"@id\":\"https:\\\/\\\/mirandaempresas.com\\\/#organization\"},\"potentialAction\":[{\"@type\":\"SearchAction\",\"target\":{\"@type\":\"EntryPoint\",\"urlTemplate\":\"https:\\\/\\\/mirandaempresas.com\\\/?s={search_term_string}\"},\"query-input\":{\"@type\":\"PropertyValueSpecification\",\"valueRequired\":true,\"valueName\":\"search_term_string\"}}],\"inLanguage\":\"en-US\"},{\"@type\":\"Organization\",\"@id\":\"https:\\\/\\\/mirandaempresas.com\\\/#organization\",\"name\":\"Miranda Empresas\",\"url\":\"https:\\\/\\\/mirandaempresas.com\\\/\",\"logo\":{\"@type\":\"ImageObject\",\"inLanguage\":\"en-US\",\"@id\":\"https:\\\/\\\/mirandaempresas.com\\\/#\\\/schema\\\/logo\\\/image\\\/\",\"url\":\"https:\\\/\\\/mirandaempresas.com\\\/wp-content\\\/uploads\\\/2016\\\/06\\\/Logo.color_.png\",\"contentUrl\":\"https:\\\/\\\/mirandaempresas.com\\\/wp-content\\\/uploads\\\/2016\\\/06\\\/Logo.color_.png\",\"width\":345,\"height\":100,\"caption\":\"Miranda Empresas\"},\"image\":{\"@id\":\"https:\\\/\\\/mirandaempresas.com\\\/#\\\/schema\\\/logo\\\/image\\\/\"},\"sameAs\":[\"https:\\\/\\\/www.facebook.com\\\/mirandaempresas\\\/\",\"https:\\\/\\\/x.com\\\/mirandaempresas\",\"https:\\\/\\\/www.linkedin.com\\\/company\\\/miranda-empresas\"]}]}<\/script>\n<!-- \/ Yoast SEO plugin. -->","yoast_head_json":{"title":"ACCESSIBILITY TO TALENT - Miranda Empresas","robots":{"index":"index","follow":"follow","max-snippet":"max-snippet:-1","max-image-preview":"max-image-preview:large","max-video-preview":"max-video-preview:-1"},"canonical":"https:\/\/mirandaempresas.com\/en\/entrepreneurial-habitat\/accessibility-to-talent\/","og_locale":"en_US","og_type":"article","og_title":"ACCESSIBILITY TO TALENT - Miranda Empresas","og_url":"https:\/\/mirandaempresas.com\/en\/entrepreneurial-habitat\/accessibility-to-talent\/","og_site_name":"Miranda Empresas","article_publisher":"https:\/\/www.facebook.com\/mirandaempresas\/","article_modified_time":"2018-04-17T04:40:37+00:00","twitter_card":"summary_large_image","twitter_site":"@mirandaempresas","twitter_misc":{"Est. reading time":"2 minutes"},"schema":{"@context":"https:\/\/schema.org","@graph":[{"@type":"WebPage","@id":"https:\/\/mirandaempresas.com\/en\/entrepreneurial-habitat\/accessibility-to-talent\/","url":"https:\/\/mirandaempresas.com\/en\/entrepreneurial-habitat\/accessibility-to-talent\/","name":"ACCESSIBILITY TO TALENT - Miranda Empresas","isPartOf":{"@id":"https:\/\/mirandaempresas.com\/#website"},"datePublished":"2018-04-17T04:40:34+00:00","dateModified":"2018-04-17T04:40:37+00:00","breadcrumb":{"@id":"https:\/\/mirandaempresas.com\/en\/entrepreneurial-habitat\/accessibility-to-talent\/#breadcrumb"},"inLanguage":"en-US","potentialAction":[{"@type":"ReadAction","target":["https:\/\/mirandaempresas.com\/en\/entrepreneurial-habitat\/accessibility-to-talent\/"]}]},{"@type":"BreadcrumbList","@id":"https:\/\/mirandaempresas.com\/en\/entrepreneurial-habitat\/accessibility-to-talent\/#breadcrumb","itemListElement":[{"@type":"ListItem","position":1,"name":"Portada","item":"https:\/\/mirandaempresas.com\/en\/"},{"@type":"ListItem","position":2,"name":"Miranda Empresas","item":"https:\/\/mirandaempresas.com\/en\/entrepreneurial-habitat\/"},{"@type":"ListItem","position":3,"name":"ACCESSIBILITY TO TALENT"}]},{"@type":"WebSite","@id":"https:\/\/mirandaempresas.com\/#website","url":"https:\/\/mirandaempresas.com\/","name":"Miranda Empresas","description":"","publisher":{"@id":"https:\/\/mirandaempresas.com\/#organization"},"potentialAction":[{"@type":"SearchAction","target":{"@type":"EntryPoint","urlTemplate":"https:\/\/mirandaempresas.com\/?s={search_term_string}"},"query-input":{"@type":"PropertyValueSpecification","valueRequired":true,"valueName":"search_term_string"}}],"inLanguage":"en-US"},{"@type":"Organization","@id":"https:\/\/mirandaempresas.com\/#organization","name":"Miranda Empresas","url":"https:\/\/mirandaempresas.com\/","logo":{"@type":"ImageObject","inLanguage":"en-US","@id":"https:\/\/mirandaempresas.com\/#\/schema\/logo\/image\/","url":"https:\/\/mirandaempresas.com\/wp-content\/uploads\/2016\/06\/Logo.color_.png","contentUrl":"https:\/\/mirandaempresas.com\/wp-content\/uploads\/2016\/06\/Logo.color_.png","width":345,"height":100,"caption":"Miranda Empresas"},"image":{"@id":"https:\/\/mirandaempresas.com\/#\/schema\/logo\/image\/"},"sameAs":["https:\/\/www.facebook.com\/mirandaempresas\/","https:\/\/x.com\/mirandaempresas","https:\/\/www.linkedin.com\/company\/miranda-empresas"]}]}},"_links":{"self":[{"href":"https:\/\/mirandaempresas.com\/en\/wp-json\/wp\/v2\/pages\/4492","targetHints":{"allow":["GET"]}}],"collection":[{"href":"https:\/\/mirandaempresas.com\/en\/wp-json\/wp\/v2\/pages"}],"about":[{"href":"https:\/\/mirandaempresas.com\/en\/wp-json\/wp\/v2\/types\/page"}],"author":[{"embeddable":true,"href":"https:\/\/mirandaempresas.com\/en\/wp-json\/wp\/v2\/users\/1"}],"replies":[{"embeddable":true,"href":"https:\/\/mirandaempresas.com\/en\/wp-json\/wp\/v2\/comments?post=4492"}],"version-history":[{"count":0,"href":"https:\/\/mirandaempresas.com\/en\/wp-json\/wp\/v2\/pages\/4492\/revisions"}],"up":[{"embeddable":true,"href":"https:\/\/mirandaempresas.com\/en\/wp-json\/wp\/v2\/pages\/4038"}],"wp:attachment":[{"href":"https:\/\/mirandaempresas.com\/en\/wp-json\/wp\/v2\/media?parent=4492"}],"curies":[{"name":"wp","href":"https:\/\/api.w.org\/{rel}","templated":true}]}}